{"id":9739,"date":"2022-12-20T13:14:33","date_gmt":"2022-12-20T12:14:33","guid":{"rendered":"https:\/\/theperfumecollective.com\/shop\/escentric-04\/"},"modified":"2023-04-04T17:38:44","modified_gmt":"2023-04-04T15:38:44","slug":"escentric-04","status":"publish","type":"product","link":"https:\/\/theperfumecollective.com\/en\/shop\/escentric-04\/","title":{"rendered":"Escentric 04"},"content":{"rendered":"<p>In Escentric 04, Javanol is surrounded by other notes; Geza Sch\u00f6n was inspired by the grapefruit note. &#8220;In other Escentric fragrances, I&#8217;ve used large amounts of the main molecule. Javanol, however, is like truffles &#8211; small amounts are enough to take you to seventh heaven.&#8221;<\/p>\n<p>Escentric 04 is thus a unique interpretation of sandalwood &#8211; not woody heavy, but in the top note complemented by fresh, bitter notes of pink grapefruit peel, of juniper and pink pepper. A touch of marijuana brings out the soft notes of grapefruit in the process. At the heart, iris (orris) blossoms with a rose chord newly composed by Sch\u00f6n. The fragrance finishes with a balsamic woody note from Javanol and the more lovely sandalwood molecule Polysantol.<\/p>\n<p>&#8220;What I love about this fragrance is its almost psychedelic freshness,&#8221; says perfumer Geza Sch\u00f6n, explaining his olfactory coup. Molecule 04 beschreibt er als \u201efl\u00fcssige, metallische Schale von Grapefruit, die sich \u00fcber ein Bett samtiger, cremefarbiger Rosen ergie\u00dft.\u201c<\/p>\n","protected":false},"excerpt":{"rendered":"<p>Eau de Parfum Natural Spray<\/p>\n","protected":false},"featured_media":9026,"template":"","meta":{"_acf_changed":false,"site-sidebar-layout":"default","site-content-layout":"default","ast-site-content-layout":"default","site-content-style":"default","site-sidebar-style":"default","ast-global-header-display":"","ast-banner-title-visibility":"","ast-main-header-display":"","ast-hfb-above-header-display":"","ast-hfb-below-header-display":"","ast-hfb-mobile-header-display":"","site-post-title":"","ast-breadcrumbs-content":"","ast-featured-img":"","footer-sml-layout":"","ast-disable-related-posts":"","theme-transparent-header-meta":"default","adv-header-id-meta":"","stick-header-meta":"","header-above-stick-meta":"","header-main-stick-meta":"","header-below-stick-meta":"","astra-migrate-meta-layouts":"default","ast-page-background-enabled":"default","ast-page-background-meta":{"desktop":{"background-color":"var(--ast-global-color-4)","background-image":"","background-repeat":"repeat","background-position":"center center","background-size":"auto","background-attachment":"scroll","background-type":"","background-media":"","overlay-type":"","overlay-color":"","overlay-opacity":"","overlay-gradient":""},"tablet":{"background-color":"","background-image":"","background-repeat":"repeat","background-position":"center center","background-size":"auto","background-attachment":"scroll","background-type":"","background-media":"","overlay-type":"","overlay-color":"","overlay-opacity":"","overlay-gradient":""},"mobile":{"background-color":"","background-image":"","background-repeat":"repeat","background-position":"center center","background-size":"auto","background-attachment":"scroll","background-type":"","background-media":"","overlay-type":"","overlay-color":"","overlay-opacity":"","overlay-gradient":""}},"ast-content-background-meta":{"desktop":{"background-color":"var(--ast-global-color-5)","background-image":"","background-repeat":"repeat","background-position":"center center","background-size":"auto","background-attachment":"scroll","background-type":"","background-media":"","overlay-type":"","overlay-color":"","overlay-opacity":"","overlay-gradient":""},"tablet":{"background-color":"var(--ast-global-color-5)","background-image":"","background-repeat":"repeat","background-position":"center center","background-size":"auto","background-attachment":"scroll","background-type":"","background-media":"","overlay-type":"","overlay-color":"","overlay-opacity":"","overlay-gradient":""},"mobile":{"background-color":"var(--ast-global-color-5)","background-image":"","background-repeat":"repeat","background-position":"center center","background-size":"auto","background-attachment":"scroll","background-type":"","background-media":"","overlay-type":"","overlay-color":"","overlay-opacity":"","overlay-gradient":""}}},"product_brand":[],"product_cat":[230],"product_tag":[615,618,624,689,690],"class_list":{"0":"post-9739","1":"product","2":"type-product","3":"status-publish","4":"has-post-thumbnail","6":"product_cat-excentric-molecules-en","7":"product_tag-oriental-en","8":"product_tag-party-en","9":"product_tag-sexyvamp-en","10":"product_tag-dks-f1-en","11":"product_tag-dks-f2-en","12":"desktop-align-center","13":"tablet-align-center","14":"mobile-align-center","16":"first","17":"instock","18":"taxable","19":"shipping-taxable","20":"purchasable","21":"product-type-simple"},"acf":[],"_links":{"self":[{"href":"https:\/\/theperfumecollective.com\/en\/wp-json\/wp\/v2\/product\/9739","targetHints":{"allow":["GET"]}}],"collection":[{"href":"https:\/\/theperfumecollective.com\/en\/wp-json\/wp\/v2\/product"}],"about":[{"href":"https:\/\/theperfumecollective.com\/en\/wp-json\/wp\/v2\/types\/product"}],"version-history":[{"count":0,"href":"https:\/\/theperfumecollective.com\/en\/wp-json\/wp\/v2\/product\/9739\/revisions"}],"wp:featuredmedia":[{"embeddable":true,"href":"https:\/\/theperfumecollective.com\/en\/wp-json\/wp\/v2\/media\/9026"}],"wp:attachment":[{"href":"https:\/\/theperfumecollective.com\/en\/wp-json\/wp\/v2\/media?parent=9739"}],"wp:term":[{"taxonomy":"product_brand","embeddable":true,"href":"https:\/\/theperfumecollective.com\/en\/wp-json\/wp\/v2\/product_brand?post=9739"},{"taxonomy":"product_cat","embeddable":true,"href":"https:\/\/theperfumecollective.com\/en\/wp-json\/wp\/v2\/product_cat?post=9739"},{"taxonomy":"product_tag","embeddable":true,"href":"https:\/\/theperfumecollective.com\/en\/wp-json\/wp\/v2\/product_tag?post=9739"}],"curies":[{"name":"wp","href":"https:\/\/api.w.org\/{rel}","templated":true}]}}